{"id":297,"date":"2022-06-29T16:06:37","date_gmt":"2022-06-29T14:06:37","guid":{"rendered":"https:\/\/132.164.155.142\/?page_id=297"},"modified":"2023-04-04T15:01:40","modified_gmt":"2023-04-04T13:01:40","slug":"actualites","status":"publish","type":"page","link":"https:\/\/astreo.eu\/?page_id=297","title":{"rendered":"Actualit\u00e9s"},"content":{"rendered":"<p>[et_pb_section fb_built=\u00a0\u00bb1&Prime; custom_padding_last_edited=\u00a0\u00bbon|desktop\u00a0\u00bb admin_label=\u00a0\u00bbHeader\u00a0\u00bb _builder_version=\u00a0\u00bb4.17.4&Prime; _module_preset=\u00a0\u00bbdefault\u00a0\u00bb background_color=\u00a0\u00bb#ECF3F2&Prime; background_image=\u00a0\u00bbhttps:\/\/132.164.155.142\/wp-content\/uploads\/2022\/06\/Nos-actualites.png\u00a0\u00bb parallax=\u00a0\u00bbon\u00a0\u00bb custom_padding=\u00a0\u00bb9vw||12vw||false|false\u00a0\u00bb custom_padding_tablet=\u00a0\u00bb||0px||false|false\u00a0\u00bb custom_padding_phone=\u00a0\u00bb||0px||false|false\u00a0\u00bb locked=\u00a0\u00bboff\u00a0\u00bb global_colors_info=\u00a0\u00bb{}\u00a0\u00bb][et_pb_row column_structure=\u00a0\u00bb1_2,1_2&Prime; _builder_version=\u00a0\u00bb4.20.2&Prime; _module_preset=\u00a0\u00bbdefault\u00a0\u00bb width=\u00a0\u00bb90%\u00a0\u00bb max_width=\u00a0\u00bb1152px\u00a0\u00bb global_colors_info=\u00a0\u00bb{}\u00a0\u00bb][et_pb_column type=\u00a0\u00bb1_2&Prime; _builder_version=\u00a0\u00bb4.16&Prime; _module_preset=\u00a0\u00bbdefault\u00a0\u00bb custom_padding=\u00a0\u00bb|||\u00a0\u00bb custom_padding_tablet=\u00a0\u00bb0px|||\u00a0\u00bb custom_padding_phone=\u00a0\u00bb0px|||\u00a0\u00bb custom_padding_last_edited=\u00a0\u00bbon|tablet\u00a0\u00bb global_colors_info=\u00a0\u00bb{}\u00a0\u00bb custom_padding__hover=\u00a0\u00bb|||\u00a0\u00bb][et_pb_text _builder_version=\u00a0\u00bb4.20.2&Prime; _module_preset=\u00a0\u00bbdefault\u00a0\u00bb text_font=\u00a0\u00bbAmbit||||||||\u00a0\u00bb text_text_color=\u00a0\u00bb#d67d70&Prime; text_font_size=\u00a0\u00bb22px\u00a0\u00bb text_line_height=\u00a0\u00bb2em\u00a0\u00bb header_font=\u00a0\u00bbAmbit||||||||\u00a0\u00bb header_text_color=\u00a0\u00bb#000F3D\u00a0\u00bb header_font_size=\u00a0\u00bb75px\u00a0\u00bb header_line_height=\u00a0\u00bb1.2em\u00a0\u00bb custom_margin=\u00a0\u00bb||60px\u00a0\u00bb custom_margin_tablet=\u00a0\u00bb||30px|\u00a0\u00bb custom_margin_phone=\u00a0\u00bb||15px||false|false\u00a0\u00bb custom_margin_last_edited=\u00a0\u00bbon|phone\u00a0\u00bb text_font_size_tablet=\u00a0\u00bb\u00a0\u00bb text_font_size_phone=\u00a0\u00bb18px\u00a0\u00bb text_font_size_last_edited=\u00a0\u00bbon|phone\u00a0\u00bb header_font_size_tablet=\u00a0\u00bb60px\u00a0\u00bb header_font_size_phone=\u00a0\u00bb45px\u00a0\u00bb header_font_size_last_edited=\u00a0\u00bbon|phone\u00a0\u00bb global_colors_info=\u00a0\u00bb{}\u00a0\u00bb]<\/p>\n<h1>Nos Actualit\u00e9s<\/h1>\n<p>D\u00e9couvrez nos derniers articles concernant nos \u00e9v\u00e9nements et nouveaut\u00e9s Astreo !<\/p>\n<p>[\/et_pb_text][\/et_pb_column][et_pb_column type=\u00a0\u00bb1_2&Prime; _builder_version=\u00a0\u00bb4.16&Prime; _module_preset=\u00a0\u00bbdefault\u00a0\u00bb custom_padding=\u00a0\u00bb|||\u00a0\u00bb global_colors_info=\u00a0\u00bb{}\u00a0\u00bb custom_padding__hover=\u00a0\u00bb|||\u00a0\u00bb][et_pb_signup mailchimp_list=\u00a0\u00bbelegantthemestest|26e9af0331&Prime; layout=\u00a0\u00bbtop_bottom\u00a0\u00bb name_field=\u00a0\u00bbon\u00a0\u00bb title=\u00a0\u00bbAbonnez-vous \u00e0 notre Newsletter !\u00a0\u00bb button_text=\u00a0\u00bbS&rsquo;abonner\u00a0\u00bb _builder_version=\u00a0\u00bb4.20.2&Prime; _module_preset=\u00a0\u00bbdefault\u00a0\u00bb form_field_background_color=\u00a0\u00bbrgba(255,255,255,0.1)\u00a0\u00bb form_field_text_color=\u00a0\u00bb#ffffff\u00a0\u00bb form_field_focus_background_color=\u00a0\u00bbrgba(255,255,255,0.21)\u00a0\u00bb header_font=\u00a0\u00bbAmbit||||||||\u00a0\u00bb header_text_align=\u00a0\u00bbcenter\u00a0\u00bb header_font_size=\u00a0\u00bb30px\u00a0\u00bb header_line_height=\u00a0\u00bb1.2em\u00a0\u00bb body_font=\u00a0\u00bb||||||||\u00a0\u00bb form_field_font=\u00a0\u00bb||||||||\u00a0\u00bb form_field_line_height=\u00a0\u00bb1.5em\u00a0\u00bb background_color=\u00a0\u00bb#092F3A\u00a0\u00bb custom_button=\u00a0\u00bbon\u00a0\u00bb button_text_size=\u00a0\u00bb16px\u00a0\u00bb button_bg_color=\u00a0\u00bb#D67D70&Prime; button_border_width=\u00a0\u00bb12px\u00a0\u00bb button_border_color=\u00a0\u00bbrgba(0,0,0,0)\u00a0\u00bb button_border_radius=\u00a0\u00bb20px\u00a0\u00bb button_letter_spacing=\u00a0\u00bb2px\u00a0\u00bb button_font=\u00a0\u00bbAmbit|800||on|||||\u00a0\u00bb button_use_icon=\u00a0\u00bboff\u00a0\u00bb transform_scale=\u00a0\u00bb130%|130%\u00a0\u00bb transform_scale_tablet=\u00a0\u00bb100%|100%\u00a0\u00bb transform_scale_phone=\u00a0\u00bb\u00a0\u00bb transform_scale_last_edited=\u00a0\u00bbon|desktop\u00a0\u00bb transform_translate_tablet=\u00a0\u00bb\u00a0\u00bb transform_translate_phone=\u00a0\u00bb\u00a0\u00bb transform_translate_last_edited=\u00a0\u00bbon|desktop\u00a0\u00bb transform_rotate_last_edited=\u00a0\u00bboff|desktop\u00a0\u00bb transform_skew_last_edited=\u00a0\u00bboff|desktop\u00a0\u00bb transform_origin=\u00a0\u00bb0%|50%\u00a0\u00bb transform_origin_phone=\u00a0\u00bb0%|0%\u00a0\u00bb transform_origin_last_edited=\u00a0\u00bboff|desktop\u00a0\u00bb transform_styles_last_edited=\u00a0\u00bbon|desktop\u00a0\u00bb custom_padding=\u00a0\u00bb70px|40px|70px|40px|true|true\u00a0\u00bb custom_padding_tablet=\u00a0\u00bb50px|40px|50px|40px|true|true\u00a0\u00bb custom_padding_phone=\u00a0\u00bb30px|30px|30px|30px|true|true\u00a0\u00bb custom_padding_last_edited=\u00a0\u00bbon|phone\u00a0\u00bb header_font_size_tablet=\u00a0\u00bb36px\u00a0\u00bb header_font_size_phone=\u00a0\u00bb30px\u00a0\u00bb header_font_size_last_edited=\u00a0\u00bbon|tablet\u00a0\u00bb transform_styles_tablet=\u00a0\u00bb\u00a0\u00bb transform_styles_phone=\u00a0\u00bb\u00a0\u00bb border_radii=\u00a0\u00bbon|20px|20px|20px|20px\u00a0\u00bb border_width_all=\u00a0\u00bb20px\u00a0\u00bb border_color_all=\u00a0\u00bb#ffffff\u00a0\u00bb border_radii_fields=\u00a0\u00bbon|20px|20px|20px|20px\u00a0\u00bb box_shadow_style=\u00a0\u00bbpreset1&Prime; box_shadow_vertical=\u00a0\u00bb60px\u00a0\u00bb box_shadow_blur=\u00a0\u00bb80px\u00a0\u00bb box_shadow_spread=\u00a0\u00bb-10px\u00a0\u00bb box_shadow_color=\u00a0\u00bbrgba(9,0,71,0.15)\u00a0\u00bb focus_background_color=\u00a0\u00bbrgba(255,255,255,0.21)\u00a0\u00bb locked=\u00a0\u00bboff\u00a0\u00bb global_colors_info=\u00a0\u00bb{}\u00a0\u00bb][\/et_pb_signup][\/et_pb_column][\/et_pb_row][\/et_pb_section][et_pb_section fb_built=\u00a0\u00bb1&Prime; custom_padding_last_edited=\u00a0\u00bbon|desktop\u00a0\u00bb padding_top_1=\u00a0\u00bb0px\u00a0\u00bb admin_label=\u00a0\u00bbBlog\u00a0\u00bb _builder_version=\u00a0\u00bb4.17.4&Prime; _module_preset=\u00a0\u00bbdefault\u00a0\u00bb background_color=\u00a0\u00bb#ECF3F2&Prime; custom_padding_tablet=\u00a0\u00bb\u00a0\u00bb custom_padding_phone=\u00a0\u00bb10px||||false|false\u00a0\u00bb global_colors_info=\u00a0\u00bb{}\u00a0\u00bb][et_pb_row _builder_version=\u00a0\u00bb4.16&Prime; _module_preset=\u00a0\u00bbdefault\u00a0\u00bb global_colors_info=\u00a0\u00bb{}\u00a0\u00bb][et_pb_column type=\u00a0\u00bb4_4&Prime; _builder_version=\u00a0\u00bb4.16&Prime; _module_preset=\u00a0\u00bbdefault\u00a0\u00bb custom_padding=\u00a0\u00bb|||\u00a0\u00bb global_colors_info=\u00a0\u00bb{}\u00a0\u00bb custom_padding__hover=\u00a0\u00bb|||\u00a0\u00bb][et_pb_blog fullwidth=\u00a0\u00bboff\u00a0\u00bb posts_number=\u00a0\u00bb12&Prime; include_categories=\u00a0\u00bb1&Prime; meta_date=\u00a0\u00bbj M, Y\u00a0\u00bb excerpt_length=\u00a0\u00bb100&Prime; show_author=\u00a0\u00bboff\u00a0\u00bb show_categories=\u00a0\u00bboff\u00a0\u00bb _builder_version=\u00a0\u00bb4.20.4&Prime; _module_preset=\u00a0\u00bbdefault\u00a0\u00bb header_font=\u00a0\u00bbAmbit||||||||\u00a0\u00bb header_text_color=\u00a0\u00bb#092F3A\u00a0\u00bb header_font_size=\u00a0\u00bb23px\u00a0\u00bb header_line_height=\u00a0\u00bb1.5em\u00a0\u00bb body_font=\u00a0\u00bb||||||||\u00a0\u00bb body_text_color=\u00a0\u00bb#092F3A\u00a0\u00bb body_line_height=\u00a0\u00bb2em\u00a0\u00bb meta_font=\u00a0\u00bbAmbit||||||||\u00a0\u00bb meta_text_color=\u00a0\u00bb#D67D70&Prime; meta_font_size=\u00a0\u00bb16px\u00a0\u00bb pagination_font=\u00a0\u00bbMontserrat|700|||||||\u00a0\u00bb pagination_text_color=\u00a0\u00bb#3550a0&Prime; pagination_font_size=\u00a0\u00bb16px\u00a0\u00bb pagination_line_height=\u00a0\u00bb1.5em\u00a0\u00bb hover_enabled=\u00a0\u00bb0&Prime; border_radii=\u00a0\u00bbon|10px|10px|10px|10px\u00a0\u00bb border_width_all=\u00a0\u00bb0px\u00a0\u00bb box_shadow_style=\u00a0\u00bbpreset1&Prime; box_shadow_color=\u00a0\u00bbrgba(0,0,0,0.12)\u00a0\u00bb global_colors_info=\u00a0\u00bb{}\u00a0\u00bb sticky_enabled=\u00a0\u00bb0&Prime;][\/et_pb_blog][\/et_pb_column][\/et_pb_row][\/et_pb_section]<\/p>\n","protected":false},"excerpt":{"rendered":"<p>Nos Actualit\u00e9s D\u00e9couvrez nos derniers articles concernant nos \u00e9v\u00e9nements et nouveaut\u00e9s Astreo !<\/p>\n","protected":false},"author":3,"featured_media":0,"parent":0,"menu_order":0,"comment_status":"closed","ping_status":"closed","template":"","meta":{"_et_pb_use_builder":"on","_et_pb_old_content":"","_et_gb_content_width":"","footnotes":""},"class_list":["post-297","page","type-page","status-publish","hentry"],"yoast_head":"<!-- This site is optimized with the Yoast SEO plugin v25.6 - https:\/\/yoast.com\/wordpress\/plugins\/seo\/ -->\n<title>Nos actualit\u00e9s autour de la lumi\u00e8re | Astreo Lighting<\/title>\n<meta name=\"description\" content=\"D\u00e9couvrez nos derniers articles concernant nos \u00e9v\u00e9nements et nouveaut\u00e9s autour de la lumi\u00e8re ainsi que les r\u00e9ponses et innovations de nos experts.\" \/>\n<meta name=\"robots\" content=\"index, follow, max-snippet:-1, max-image-preview:large, max-video-preview:-1\" \/>\n<link rel=\"canonical\" href=\"https:\/\/astreo.eu\/?page_id=297\" \/>\n<meta property=\"og:locale\" content=\"fr_FR\" \/>\n<meta property=\"og:type\" content=\"article\" \/>\n<meta property=\"og:title\" content=\"Nos actualit\u00e9s autour de la lumi\u00e8re | Astreo Lighting\" \/>\n<meta property=\"og:description\" content=\"D\u00e9couvrez nos derniers articles concernant nos \u00e9v\u00e9nements et nouveaut\u00e9s autour de la lumi\u00e8re ainsi que les r\u00e9ponses et innovations de nos experts.\" \/>\n<meta property=\"og:url\" content=\"https:\/\/astreo.eu\/?page_id=297\" \/>\n<meta property=\"og:site_name\" content=\"Astreo Lighting\" \/>\n<meta property=\"article:modified_time\" content=\"2023-04-04T13:01:40+00:00\" \/>\n<meta name=\"twitter:card\" content=\"summary_large_image\" \/>\n<meta name=\"twitter:label1\" content=\"Dur\u00e9e de lecture estim\u00e9e\" \/>\n\t<meta name=\"twitter:data1\" content=\"1 minute\" \/>\n<script type=\"application\/ld+json\" class=\"yoast-schema-graph\">{\"@context\":\"https:\/\/schema.org\",\"@graph\":[{\"@type\":\"WebPage\",\"@id\":\"https:\/\/astreo.eu\/?page_id=297\",\"url\":\"https:\/\/astreo.eu\/?page_id=297\",\"name\":\"Nos actualit\u00e9s autour de la lumi\u00e8re | Astreo Lighting\",\"isPartOf\":{\"@id\":\"https:\/\/astreo.eu\/#website\"},\"datePublished\":\"2022-06-29T14:06:37+00:00\",\"dateModified\":\"2023-04-04T13:01:40+00:00\",\"description\":\"D\u00e9couvrez nos derniers articles concernant nos \u00e9v\u00e9nements et nouveaut\u00e9s autour de la lumi\u00e8re ainsi que les r\u00e9ponses et innovations de nos experts.\",\"breadcrumb\":{\"@id\":\"https:\/\/astreo.eu\/?page_id=297#breadcrumb\"},\"inLanguage\":\"fr-FR\",\"potentialAction\":[{\"@type\":\"ReadAction\",\"target\":[\"https:\/\/astreo.eu\/?page_id=297\"]}]},{\"@type\":\"BreadcrumbList\",\"@id\":\"https:\/\/astreo.eu\/?page_id=297#breadcrumb\",\"itemListElement\":[{\"@type\":\"ListItem\",\"position\":1,\"name\":\"Accueil\",\"item\":\"https:\/\/astreo.eu\/\"},{\"@type\":\"ListItem\",\"position\":2,\"name\":\"Actualit\u00e9s\"}]},{\"@type\":\"WebSite\",\"@id\":\"https:\/\/astreo.eu\/#website\",\"url\":\"https:\/\/astreo.eu\/\",\"name\":\"Astreo Lighting\",\"description\":\"Phosphorer autour de la lumi\u00e8re\",\"publisher\":{\"@id\":\"https:\/\/astreo.eu\/#organization\"},\"potentialAction\":[{\"@type\":\"SearchAction\",\"target\":{\"@type\":\"EntryPoint\",\"urlTemplate\":\"https:\/\/astreo.eu\/?s={search_term_string}\"},\"query-input\":{\"@type\":\"PropertyValueSpecification\",\"valueRequired\":true,\"valueName\":\"search_term_string\"}}],\"inLanguage\":\"fr-FR\"},{\"@type\":\"Organization\",\"@id\":\"https:\/\/astreo.eu\/#organization\",\"name\":\"Astreo Lighting\",\"url\":\"https:\/\/astreo.eu\/\",\"logo\":{\"@type\":\"ImageObject\",\"inLanguage\":\"fr-FR\",\"@id\":\"https:\/\/astreo.eu\/#\/schema\/logo\/image\/\",\"url\":\"https:\/\/132.164.155.142\/wp-content\/uploads\/2022\/06\/ASTREO-logo-slogan.jpeg\",\"contentUrl\":\"https:\/\/132.164.155.142\/wp-content\/uploads\/2022\/06\/ASTREO-logo-slogan.jpeg\",\"width\":637,\"height\":316,\"caption\":\"Astreo Lighting\"},\"image\":{\"@id\":\"https:\/\/astreo.eu\/#\/schema\/logo\/image\/\"},\"sameAs\":[\"https:\/\/www.linkedin.com\/company\/69751513\/\"]}]}<\/script>\n<!-- \/ Yoast SEO plugin. -->","yoast_head_json":{"title":"Nos actualit\u00e9s autour de la lumi\u00e8re | Astreo Lighting","description":"D\u00e9couvrez nos derniers articles concernant nos \u00e9v\u00e9nements et nouveaut\u00e9s autour de la lumi\u00e8re ainsi que les r\u00e9ponses et innovations de nos experts.","robots":{"index":"index","follow":"follow","max-snippet":"max-snippet:-1","max-image-preview":"max-image-preview:large","max-video-preview":"max-video-preview:-1"},"canonical":"https:\/\/astreo.eu\/?page_id=297","og_locale":"fr_FR","og_type":"article","og_title":"Nos actualit\u00e9s autour de la lumi\u00e8re | Astreo Lighting","og_description":"D\u00e9couvrez nos derniers articles concernant nos \u00e9v\u00e9nements et nouveaut\u00e9s autour de la lumi\u00e8re ainsi que les r\u00e9ponses et innovations de nos experts.","og_url":"https:\/\/astreo.eu\/?page_id=297","og_site_name":"Astreo Lighting","article_modified_time":"2023-04-04T13:01:40+00:00","twitter_card":"summary_large_image","twitter_misc":{"Dur\u00e9e de lecture estim\u00e9e":"1 minute"},"schema":{"@context":"https:\/\/schema.org","@graph":[{"@type":"WebPage","@id":"https:\/\/astreo.eu\/?page_id=297","url":"https:\/\/astreo.eu\/?page_id=297","name":"Nos actualit\u00e9s autour de la lumi\u00e8re | Astreo Lighting","isPartOf":{"@id":"https:\/\/astreo.eu\/#website"},"datePublished":"2022-06-29T14:06:37+00:00","dateModified":"2023-04-04T13:01:40+00:00","description":"D\u00e9couvrez nos derniers articles concernant nos \u00e9v\u00e9nements et nouveaut\u00e9s autour de la lumi\u00e8re ainsi que les r\u00e9ponses et innovations de nos experts.","breadcrumb":{"@id":"https:\/\/astreo.eu\/?page_id=297#breadcrumb"},"inLanguage":"fr-FR","potentialAction":[{"@type":"ReadAction","target":["https:\/\/astreo.eu\/?page_id=297"]}]},{"@type":"BreadcrumbList","@id":"https:\/\/astreo.eu\/?page_id=297#breadcrumb","itemListElement":[{"@type":"ListItem","position":1,"name":"Accueil","item":"https:\/\/astreo.eu\/"},{"@type":"ListItem","position":2,"name":"Actualit\u00e9s"}]},{"@type":"WebSite","@id":"https:\/\/astreo.eu\/#website","url":"https:\/\/astreo.eu\/","name":"Astreo Lighting","description":"Phosphorer autour de la lumi\u00e8re","publisher":{"@id":"https:\/\/astreo.eu\/#organization"},"potentialAction":[{"@type":"SearchAction","target":{"@type":"EntryPoint","urlTemplate":"https:\/\/astreo.eu\/?s={search_term_string}"},"query-input":{"@type":"PropertyValueSpecification","valueRequired":true,"valueName":"search_term_string"}}],"inLanguage":"fr-FR"},{"@type":"Organization","@id":"https:\/\/astreo.eu\/#organization","name":"Astreo Lighting","url":"https:\/\/astreo.eu\/","logo":{"@type":"ImageObject","inLanguage":"fr-FR","@id":"https:\/\/astreo.eu\/#\/schema\/logo\/image\/","url":"https:\/\/132.164.155.142\/wp-content\/uploads\/2022\/06\/ASTREO-logo-slogan.jpeg","contentUrl":"https:\/\/132.164.155.142\/wp-content\/uploads\/2022\/06\/ASTREO-logo-slogan.jpeg","width":637,"height":316,"caption":"Astreo Lighting"},"image":{"@id":"https:\/\/astreo.eu\/#\/schema\/logo\/image\/"},"sameAs":["https:\/\/www.linkedin.com\/company\/69751513\/"]}]}},"_links":{"self":[{"href":"https:\/\/astreo.eu\/index.php?rest_route=\/wp\/v2\/pages\/297","targetHints":{"allow":["GET"]}}],"collection":[{"href":"https:\/\/astreo.eu\/index.php?rest_route=\/wp\/v2\/pages"}],"about":[{"href":"https:\/\/astreo.eu\/index.php?rest_route=\/wp\/v2\/types\/page"}],"author":[{"embeddable":true,"href":"https:\/\/astreo.eu\/index.php?rest_route=\/wp\/v2\/users\/3"}],"replies":[{"embeddable":true,"href":"https:\/\/astreo.eu\/index.php?rest_route=%2Fwp%2Fv2%2Fcomments&post=297"}],"version-history":[{"count":5,"href":"https:\/\/astreo.eu\/index.php?rest_route=\/wp\/v2\/pages\/297\/revisions"}],"predecessor-version":[{"id":2254,"href":"https:\/\/astreo.eu\/index.php?rest_route=\/wp\/v2\/pages\/297\/revisions\/2254"}],"wp:attachment":[{"href":"https:\/\/astreo.eu\/index.php?rest_route=%2Fwp%2Fv2%2Fmedia&parent=297"}],"curies":[{"name":"wp","href":"https:\/\/api.w.org\/{rel}","templated":true}]}}